{"id":96,"date":"2025-11-11T08:43:00","date_gmt":"2025-11-11T08:43:00","guid":{"rendered":"https:\/\/4os.skolabd.edu.ba\/?page_id=96"},"modified":"2025-11-22T15:18:27","modified_gmt":"2025-11-22T15:18:27","slug":"pocetna","status":"publish","type":"page","link":"https:\/\/4os.skolabd.edu.ba\/","title":{"rendered":"Po\u010detna"},"content":{"rendered":"<div id='layer_slider_1'  class='avia-layerslider main_color avia-shadow  avia-builder-el-0  el_before_av_one_full  avia-builder-el-first  container_wrap sidebar_right'  style='height: 701px; max-width: 1280px; margin: 0 auto;'  ><\/div><div id='after_layer_slider_1'  class='main_color av_default_container_wrap container_wrap sidebar_right'  ><div class='container av-section-cont-open' ><div class='template-page content  av-content-small alpha units'><div class='post-entry post-entry-type-page post-entry-96'><div class='entry-content-wrapper clearfix'>\n<div  class='flex_column av-av_one_full-2d22dc0500e159f2b39fe7a147caf14c av_one_full  avia-builder-el-1  el_after_av_layerslider  avia-builder-el-no-sibling  first flex_column_div  '     ><div  class='av-alb-blogposts template-blog  '  itemscope=\"itemscope\" itemtype=\"https:\/\/schema.org\/Blog\" ><article class=\"post-entry post-entry-type-standard post-entry-120 post-loop-1 post-parity-odd single-big  post-120 post type-post status-publish format-standard hentry category-novosti\"  itemscope=\"itemscope\" itemtype=\"https:\/\/schema.org\/BlogPosting\" ><div class=\"blog-meta\"><\/div><div class='entry-content-wrapper clearfix standard-content'><header class=\"entry-content-header\" aria-label=\"Post: Dan otvorenih vrata, JU \u010cetvrta osnovna \u0161kola Br\u010dko\"><h2 class='post-title entry-title '  itemprop=\"headline\" ><a href=\"https:\/\/4os.skolabd.edu.ba\/index.php\/2025\/11\/22\/dan-otvorenih-vrata-ju-cetvrta-osnovna-skola-brcko\/\" rel=\"bookmark\" title=\"Permanent Link: Dan otvorenih vrata, JU \u010cetvrta osnovna \u0161kola Br\u010dko\">Dan otvorenih vrata, JU \u010cetvrta osnovna \u0161kola Br\u010dko<span class=\"post-format-icon minor-meta\"><\/span><\/a><\/h2><span class=\"post-meta-infos\"><time class=\"date-container minor-meta updated\"  itemprop=\"datePublished\" datetime=\"2025-11-22T15:12:16+00:00\" >November 22, 2025<\/time><span class=\"text-sep\">\/<\/span><span class=\"comment-container minor-meta\"><a href=\"https:\/\/4os.skolabd.edu.ba\/index.php\/2025\/11\/22\/dan-otvorenih-vrata-ju-cetvrta-osnovna-skola-brcko\/#respond\" class=\"comments-link\" >0 Comments<\/a><\/span><span class=\"text-sep\">\/<\/span><span class=\"blog-categories minor-meta\">in <a href=\"https:\/\/4os.skolabd.edu.ba\/index.php\/category\/novosti\/\" rel=\"tag\">Novosti<\/a><\/span><span class=\"text-sep\">\/<\/span><span class=\"blog-author minor-meta\">by <span class=\"entry-author-link\"  itemprop=\"author\" ><span class=\"author\"><span class=\"fn\"><a href=\"https:\/\/4os.skolabd.edu.ba\/index.php\/author\/informatika\/\" title=\"Posts by Informatika\" rel=\"author\">Informatika<\/a><\/span><\/span><\/span><\/span><\/span><\/header><div class=\"entry-content\"  itemprop=\"text\" >\n<p><\/p>\n\n\n<div  class='flex_column av-11oko-fdee5e112fea4c1277cd987815637dd2 av_one_full  avia-builder-el-0  avia-builder-el-no-sibling  first flex_column_div  '     ><section  class='av_textblock_section av-miafgolt-1df4268751fffc8fd241ee440cef8954 '   itemscope=\"itemscope\" itemtype=\"https:\/\/schema.org\/BlogPosting\" ><div class='avia_textblock'  itemprop=\"text\" ><div class=\"x14z9mp xat24cr x1lziwak x1vvkbs xtlvy1s x126k92a\">\n<div dir=\"auto\"><img loading=\"lazy\" decoding=\"async\" class=\"aligncenter size-full wp-image-122\" src=\"http:\/\/4os.skolabd.edu.ba\/wp-content\/uploads\/2025\/11\/vrata1.jpg\" alt=\"\" width=\"590\" height=\"393\" srcset=\"https:\/\/4os.skolabd.edu.ba\/wp-content\/uploads\/2025\/11\/vrata1.jpg 590w, https:\/\/4os.skolabd.edu.ba\/wp-content\/uploads\/2025\/11\/vrata1-300x200.jpg 300w\" sizes=\"auto, (max-width: 590px) 100vw, 590px\" \/>U srijedu, 19.11.2025. godine, na\u0161a \u0161kola je otvorila svoja vrata svim zainteresovanim posjetiocima, a posebno mali\u0161anima iz vrti\u0107a i pred\u0161kolskih ustanova, koji su imali priliku u\u010destvovati u raznim zanimljivim radionicama. \u0160kola je bila ispunjena rado\u0161\u0107u, znati\u017eeljom i kreativno\u0161\u0107u!<\/div>\n<\/div>\n<div class=\"x14z9mp xat24cr x1lziwak x1vvkbs xtlvy1s x126k92a\">\n<div dir=\"auto\">Posebno smo ponosni na na\u0161e u\u010denike koji su, zajedno sa svojim nastavnicima, preuzeli ulogu voditelja i mentora. Sa puno truda, pa\u017enje i dje\u010dije radosti pokazali su \u0161ta se sve mo\u017ee nau\u010diti i do\u017eivjeti u na\u0161oj \u0161koli.<\/div>\n<\/div>\n<div class=\"x14z9mp xat24cr x1lziwak x1vvkbs xtlvy1s x126k92a\">\n<div dir=\"auto\">Mali gosti su istra\u017eivali, stvarali i u\u010dili kroz igru, a na\u0161i u\u010denici su pokazali zrelost, znanje i timski duh koji krase na\u0161u \u0161kolu.<\/div>\n<div dir=\"auto\"><img loading=\"lazy\" decoding=\"async\" class=\"aligncenter size-extra_large wp-image-121\" src=\"http:\/\/4os.skolabd.edu.ba\/wp-content\/uploads\/2025\/11\/vrata2-1500x999.jpg\" alt=\"\" width=\"1500\" height=\"999\" srcset=\"https:\/\/4os.skolabd.edu.ba\/wp-content\/uploads\/2025\/11\/vrata2-1500x999.jpg 1500w, https:\/\/4os.skolabd.edu.ba\/wp-content\/uploads\/2025\/11\/vrata2-300x200.jpg 300w, https:\/\/4os.skolabd.edu.ba\/wp-content\/uploads\/2025\/11\/vrata2-1030x686.jpg 1030w, https:\/\/4os.skolabd.edu.ba\/wp-content\/uploads\/2025\/11\/vrata2-768x512.jpg 768w, https:\/\/4os.skolabd.edu.ba\/wp-content\/uploads\/2025\/11\/vrata2-1536x1023.jpg 1536w, https:\/\/4os.skolabd.edu.ba\/wp-content\/uploads\/2025\/11\/vrata2-705x470.jpg 705w, https:\/\/4os.skolabd.edu.ba\/wp-content\/uploads\/2025\/11\/vrata2-1200x800.jpg 1200w, https:\/\/4os.skolabd.edu.ba\/wp-content\/uploads\/2025\/11\/vrata2-600x400.jpg 600w, https:\/\/4os.skolabd.edu.ba\/wp-content\/uploads\/2025\/11\/vrata2.jpg 1600w\" sizes=\"auto, (max-width: 1500px) 100vw, 1500px\" \/><\/div>\n<\/div>\n<div class=\"x14z9mp xat24cr x1lziwak x1vvkbs xtlvy1s x126k92a\">\n<div dir=\"auto\">Hvala svim nastavnicima, stru\u010dnim saradnicima, u\u010denicima i vaspita\u010dima iz vrti\u0107a na divnoj saradnji. Radujemo se budu\u0107im susretima, a posebno na\u0161im budu\u0107im prva\u010di\u0107ima!<\/div>\n<\/div>\n<div class=\"x14z9mp xat24cr x1lziwak x1vvkbs xtlvy1s x126k92a\">\n<div dir=\"auto\">U nastavku pogledajte galeriju trenutaka koji su obilje\u017eili ovaj prekrasan dan.<\/div>\n<\/div>\n<\/div><\/section><\/div>\n<\/div><footer class=\"entry-footer\"><\/footer><div class='post_delimiter'><\/div><\/div><div class=\"post_author_timeline\"><\/div><span class='hidden'>\n\t\t\t\t<span class='av-structured-data'  itemprop=\"image\" itemscope=\"itemscope\" itemtype=\"https:\/\/schema.org\/ImageObject\" >\n\t\t\t\t\t\t<span itemprop='url'>http:\/\/4os.skolabd.edu.ba\/wp-content\/uploads\/2025\/11\/Logo-top.png<\/span>\n\t\t\t\t\t\t<span itemprop='height'>0<\/span>\n\t\t\t\t\t\t<span itemprop='width'>0<\/span>\n\t\t\t\t<\/span>\n\t\t\t\t<span class='av-structured-data'  itemprop=\"publisher\" itemtype=\"https:\/\/schema.org\/Organization\" itemscope=\"itemscope\" >\n\t\t\t\t\t\t<span itemprop='name'>Informatika<\/span>\n\t\t\t\t\t\t<span itemprop='logo' itemscope itemtype='https:\/\/schema.org\/ImageObject'>\n\t\t\t\t\t\t\t<span itemprop='url'>http:\/\/4os.skolabd.edu.ba\/wp-content\/uploads\/2025\/11\/Logo-top.png<\/span>\n\t\t\t\t\t\t<\/span>\n\t\t\t\t<\/span><span class='av-structured-data'  itemprop=\"author\" itemscope=\"itemscope\" itemtype=\"https:\/\/schema.org\/Person\" ><span itemprop='name'>Informatika<\/span><\/span><span class='av-structured-data'  itemprop=\"datePublished\" datetime=\"2025-11-22T15:12:16+00:00\" >2025-11-22 15:12:16<\/span><span class='av-structured-data'  itemprop=\"dateModified\" itemtype=\"https:\/\/schema.org\/dateModified\" >2025-11-25 11:14:51<\/span><span class='av-structured-data'  itemprop=\"mainEntityOfPage\" itemtype=\"https:\/\/schema.org\/mainEntityOfPage\" ><span itemprop='name'>Dan otvorenih vrata, JU \u010cetvrta osnovna \u0161kola Br\u010dko<\/span><\/span><\/span><\/article><article class=\"post-entry post-entry-type-standard post-entry-114 post-loop-2 post-parity-even post-entry-last single-big  post-114 post type-post status-publish format-standard hentry category-novosti\"  itemscope=\"itemscope\" itemtype=\"https:\/\/schema.org\/BlogPosting\" ><div class=\"blog-meta\"><\/div><div class='entry-content-wrapper clearfix standard-content'><header class=\"entry-content-header\" aria-label=\"Post: Humanitarni bazar za opremanje senzorne sobe u na\u0161oj \u0161koli\"><h2 class='post-title entry-title '  itemprop=\"headline\" ><a href=\"https:\/\/4os.skolabd.edu.ba\/index.php\/2025\/11\/22\/humanitarni-bazar-za-opremanje-senzorne-sobe-u-nasoj-skoli\/\" rel=\"bookmark\" title=\"Permanent Link: Humanitarni bazar za opremanje senzorne sobe u na\u0161oj \u0161koli\">Humanitarni bazar za opremanje senzorne sobe u na\u0161oj \u0161koli<span class=\"post-format-icon minor-meta\"><\/span><\/a><\/h2><span class=\"post-meta-infos\"><time class=\"date-container minor-meta updated\"  itemprop=\"datePublished\" datetime=\"2025-11-22T14:57:20+00:00\" >November 22, 2025<\/time><span class=\"text-sep\">\/<\/span><span class=\"comment-container minor-meta\"><a href=\"https:\/\/4os.skolabd.edu.ba\/index.php\/2025\/11\/22\/humanitarni-bazar-za-opremanje-senzorne-sobe-u-nasoj-skoli\/#respond\" class=\"comments-link\" >0 Comments<\/a><\/span><span class=\"text-sep\">\/<\/span><span class=\"blog-categories minor-meta\">in <a href=\"https:\/\/4os.skolabd.edu.ba\/index.php\/category\/novosti\/\" rel=\"tag\">Novosti<\/a><\/span><span class=\"text-sep\">\/<\/span><span class=\"blog-author minor-meta\">by <span class=\"entry-author-link\"  itemprop=\"author\" ><span class=\"author\"><span class=\"fn\"><a href=\"https:\/\/4os.skolabd.edu.ba\/index.php\/author\/informatika\/\" title=\"Posts by Informatika\" rel=\"author\">Informatika<\/a><\/span><\/span><\/span><\/span><\/span><\/header><div class=\"entry-content\"  itemprop=\"text\" ><div class=\"read-more-link\"><a href=\"https:\/\/4os.skolabd.edu.ba\/index.php\/2025\/11\/22\/humanitarni-bazar-za-opremanje-senzorne-sobe-u-nasoj-skoli\/\" class=\"more-link\">Read more<span class='more-link-arrow avia-svg-icon avia-font-svg_entypo-fontello' data-av_svg_icon='right-open-big' data-av_iconset='svg_entypo-fontello'><svg version=\"1.1\" xmlns=\"http:\/\/www.w3.org\/2000\/svg\" width=\"15\" height=\"32\" viewBox=\"0 0 15 32\" preserveAspectRatio=\"xMidYMid meet\" role=\"graphics-symbol\" aria-hidden=\"true\">\n<path d=\"M0.416 27.84l11.456-11.84-11.456-11.904q-0.832-0.832 0-1.536 0.832-0.832 1.536 0l12.544 12.608q0.768 0.832 0 1.6l-12.544 12.608q-0.704 0.832-1.536 0-0.832-0.704 0-1.536z\"><\/path>\n<\/svg><\/span><\/a><\/div>\n<\/div><footer class=\"entry-footer\"><\/footer><div class='post_delimiter'><\/div><\/div><div class=\"post_author_timeline\"><\/div><span class='hidden'>\n\t\t\t\t<span class='av-structured-data'  itemprop=\"image\" itemscope=\"itemscope\" itemtype=\"https:\/\/schema.org\/ImageObject\" >\n\t\t\t\t\t\t<span itemprop='url'>http:\/\/4os.skolabd.edu.ba\/wp-content\/uploads\/2025\/11\/Logo-top.png<\/span>\n\t\t\t\t\t\t<span itemprop='height'>0<\/span>\n\t\t\t\t\t\t<span itemprop='width'>0<\/span>\n\t\t\t\t<\/span>\n\t\t\t\t<span class='av-structured-data'  itemprop=\"publisher\" itemtype=\"https:\/\/schema.org\/Organization\" itemscope=\"itemscope\" >\n\t\t\t\t\t\t<span itemprop='name'>Informatika<\/span>\n\t\t\t\t\t\t<span itemprop='logo' itemscope itemtype='https:\/\/schema.org\/ImageObject'>\n\t\t\t\t\t\t\t<span itemprop='url'>http:\/\/4os.skolabd.edu.ba\/wp-content\/uploads\/2025\/11\/Logo-top.png<\/span>\n\t\t\t\t\t\t<\/span>\n\t\t\t\t<\/span><span class='av-structured-data'  itemprop=\"author\" itemscope=\"itemscope\" itemtype=\"https:\/\/schema.org\/Person\" ><span itemprop='name'>Informatika<\/span><\/span><span class='av-structured-data'  itemprop=\"datePublished\" datetime=\"2025-11-22T14:57:20+00:00\" >2025-11-22 14:57:20<\/span><span class='av-structured-data'  itemprop=\"dateModified\" itemtype=\"https:\/\/schema.org\/dateModified\" >2025-11-22 15:04:49<\/span><span class='av-structured-data'  itemprop=\"mainEntityOfPage\" itemtype=\"https:\/\/schema.org\/mainEntityOfPage\" ><span itemprop='name'>Humanitarni bazar za opremanje senzorne sobe u na\u0161oj \u0161koli<\/span><\/span><\/span><\/article><div class='single-big'><\/div><\/div><\/div>\n","protected":false},"excerpt":{"rendered":"","protected":false},"author":1,"featured_media":0,"parent":0,"menu_order":0,"comment_status":"closed","ping_status":"closed","template":"","meta":{"_regular_price":[],"currency_symbol":[],"footnotes":""},"class_list":["post-96","page","type-page","status-publish","hentry"],"post_slider_layout_featured_media_urls":{"thumbnail":"","post_slider_layout_landscape_large":"","post_slider_layout_portrait_large":"","post_slider_layout_square_large":"","post_slider_layout_landscape":"","post_slider_layout_portrait":"","post_slider_layout_square":"","full":""},"_links":{"self":[{"href":"https:\/\/4os.skolabd.edu.ba\/index.php\/wp-json\/wp\/v2\/pages\/96","targetHints":{"allow":["GET"]}}],"collection":[{"href":"https:\/\/4os.skolabd.edu.ba\/index.php\/wp-json\/wp\/v2\/pages"}],"about":[{"href":"https:\/\/4os.skolabd.edu.ba\/index.php\/wp-json\/wp\/v2\/types\/page"}],"author":[{"embeddable":true,"href":"https:\/\/4os.skolabd.edu.ba\/index.php\/wp-json\/wp\/v2\/users\/1"}],"replies":[{"embeddable":true,"href":"https:\/\/4os.skolabd.edu.ba\/index.php\/wp-json\/wp\/v2\/comments?post=96"}],"version-history":[{"count":4,"href":"https:\/\/4os.skolabd.edu.ba\/index.php\/wp-json\/wp\/v2\/pages\/96\/revisions"}],"predecessor-version":[{"id":127,"href":"https:\/\/4os.skolabd.edu.ba\/index.php\/wp-json\/wp\/v2\/pages\/96\/revisions\/127"}],"wp:attachment":[{"href":"https:\/\/4os.skolabd.edu.ba\/index.php\/wp-json\/wp\/v2\/media?parent=96"}],"curies":[{"name":"wp","href":"https:\/\/api.w.org\/{rel}","templated":true}]}}